{"id":4942,"date":"2025-02-12T14:51:52","date_gmt":"2025-02-12T14:51:52","guid":{"rendered":"https:\/\/arisevillages.com\/?page_id=4942"},"modified":"2025-04-04T19:10:47","modified_gmt":"2025-04-04T19:10:47","slug":"hva-er-nytt","status":"publish","type":"page","link":"https:\/\/arisevillages.com\/no\/hva-er-nytt\/","title":{"rendered":"Hva er nytt?"},"content":{"rendered":"\t\t<div data-elementor-type=\"wp-page\" data-elementor-id=\"4942\" class=\"elementor elementor-4942 elementor-2709\">\n\t\t\t\t<div class=\"elementor-element elementor-element-1o75nh9s e-con-full twbb_section e-flex e-con e-parent\" data-id=\"1o75nh9s\" data-element_type=\"container\" data-e-type=\"container\" id=\"whats-new\" data-settings=\"{&quot;background_background&quot;:&quot;classic&quot;}\">\n\t\t<div class=\"elementor-element elementor-element-x6w1a4j6 e-con-full e-flex e-con e-child\" data-id=\"x6w1a4j6\" data-element_type=\"container\" data-e-type=\"container\" data-settings=\"{&quot;background_background&quot;:&quot;classic&quot;}\">\n\t\t\t\t<div class=\"elementor-element elementor-element-lyb4mxww elementor-widget__width-initial elementor-widget-mobile__width-inherit elementor-widget-tablet__width-initial elementor-widget elementor-widget-image\" data-id=\"lyb4mxww\" data-element_type=\"widget\" data-e-type=\"widget\" data-widget_type=\"image.default\">\n\t\t\t\t<div class=\"elementor-widget-container\">\n\t\t\t\t\t\t\t\t\t\t\t\t\t\t\t<img fetchpriority=\"high\" decoding=\"async\" width=\"1600\" height=\"1200\" src=\"https:\/\/arisevillages.com\/wp-content\/uploads\/2025\/02\/AV-whats-new.jpg\" class=\"attachment-full size-full wp-image-4849\" alt=\"\" srcset=\"https:\/\/arisevillages.com\/wp-content\/uploads\/2025\/02\/AV-whats-new.jpg 1600w, https:\/\/arisevillages.com\/wp-content\/uploads\/2025\/02\/AV-whats-new-300x225.jpg 300w, https:\/\/arisevillages.com\/wp-content\/uploads\/2025\/02\/AV-whats-new-1024x768.jpg 1024w, https:\/\/arisevillages.com\/wp-content\/uploads\/2025\/02\/AV-whats-new-768x576.jpg 768w, https:\/\/arisevillages.com\/wp-content\/uploads\/2025\/02\/AV-whats-new-1536x1152.jpg 1536w, https:\/\/arisevillages.com\/wp-content\/uploads\/2025\/02\/AV-whats-new-600x450.jpg 600w\" sizes=\"(max-width: 1600px) 100vw, 1600px\" \/>\t\t\t\t\t\t\t\t\t\t\t\t\t\t\t<\/div>\n\t\t\t\t<\/div>\n\t\t<div class=\"elementor-element elementor-element-cke2hnf4 e-con-full e-flex e-con e-child\" data-id=\"cke2hnf4\" data-element_type=\"container\" data-e-type=\"container\">\n\t\t\t\t<div class=\"elementor-element elementor-element-xnqumted elementor-widget__width-initial elementor-widget-mobile__width-inherit elementor-widget-tablet__width-initial elementor-invisible elementor-widget elementor-widget-heading\" data-id=\"xnqumted\" data-element_type=\"widget\" data-e-type=\"widget\" data-settings=\"{&quot;_animation&quot;:&quot;fadeInUp&quot;}\" data-widget_type=\"heading.default\">\n\t\t\t\t<div class=\"elementor-widget-container\">\n\t\t\t\t\t<h2 class=\"elementor-heading-title elementor-size-default\">Hva er nytt?<\/h2>\t\t\t\t<\/div>\n\t\t\t\t<\/div>\n\t\t\t\t<div class=\"elementor-element elementor-element-o480cefu elementor-widget__width-initial elementor-widget-mobile__width-inherit elementor-widget-tablet__width-initial elementor-invisible elementor-widget elementor-widget-text-editor\" data-id=\"o480cefu\" data-element_type=\"widget\" data-e-type=\"widget\" data-settings=\"{&quot;_animation&quot;:&quot;fadeInUp&quot;}\" data-widget_type=\"text-editor.default\">\n\t\t\t\t<div class=\"elementor-widget-container\">\n\t\t\t\t\t\t\t\t\tHva er nytt p\u00e5 Arise Villages? Refleksjoner fra grunnlegger Ashalata Prasad.\t\t\t\t\t\t\t\t<\/div>\n\t\t\t\t<\/div>\n\t\t\t\t<\/div>\n\t\t\t\t<\/div>\n\t\t\t\t<\/div>\n\t\t<div class=\"elementor-element elementor-element-876d87pw twbb_section twbb_title_46 e-flex e-con-boxed e-con e-parent\" data-id=\"876d87pw\" data-element_type=\"container\" data-e-type=\"container\" id=\"title\" data-settings=\"{&quot;background_background&quot;:&quot;classic&quot;}\">\n\t\t\t\t\t<div class=\"e-con-inner\">\n\t\t\t\t<div class=\"elementor-element elementor-element-by9loc8d elementor-widget__width-initial elementor-widget-mobile__width-inherit elementor-widget-tablet__width-initial elementor-invisible elementor-widget elementor-widget-heading\" data-id=\"by9loc8d\" data-element_type=\"widget\" data-e-type=\"widget\" data-settings=\"{&quot;_animation&quot;:&quot;fadeInUp&quot;}\" data-widget_type=\"heading.default\">\n\t\t\t\t<div class=\"elementor-widget-container\">\n\t\t\t\t\t<h2 class=\"elementor-heading-title elementor-size-default\">Arise Villages 2025 Nytt\u00e5rsrefleksjon.<\/h2>\t\t\t\t<\/div>\n\t\t\t\t<\/div>\n\t\t\t\t<div class=\"elementor-element elementor-element-0d66o8r8 elementor-widget__width-initial elementor-widget-mobile__width-inherit elementor-widget-tablet__width-initial elementor-invisible elementor-widget elementor-widget-text-editor\" data-id=\"0d66o8r8\" data-element_type=\"widget\" data-e-type=\"widget\" data-settings=\"{&quot;_animation&quot;:&quot;fadeInUp&quot;}\" data-widget_type=\"text-editor.default\">\n\t\t\t\t<div class=\"elementor-widget-container\">\n\t\t\t\t\t\t\t\t\t<p>I India vokste jeg opp med \u00e5 h\u00f8re ordtaket &laquo;Alt vil bli bra til slutt. S\u00e5 hvis det ikke er bra, er det ikke slutt enn\u00e5.&raquo;<\/p><p>Denne gamle visdommen kom nylig tilbake til meg under noen uventede utfordringer i november 2024, og traff meg med kraften av en \u00e5penbaring. Det minnet meg om at utfordringer bare er punkter p\u00e5 v\u00e5r reise, ikke destinasjonen. Hos Arise Villages (AV) markerte desember 2024 en betydelig milep\u00e6l da vi \u00f8nsket v\u00e5r f\u00f8rste gruppe norske gjester velkommen. Dette var en velsignelse p\u00e5 utallige m\u00e5ter og representerte et spennende skritt fremover for v\u00e5rt program. Selv om b\u00e5de vi og v\u00e5re gjester ikke helt<\/p><p>visste hva vi kunne forvente, omfavnet vi hver dags eventyr sammen, l\u00e6rte og vokste fra hver opplevelse.<\/p><p>Nytt\u00e5rsaften p\u00e5 landsbygda i India tilbyr en sl\u00e5ende kontrast til vestlige feiringer. Mens byer over hele Europa og urbane India eksploderer med festligheter, opprettholder v\u00e5r landsby sin rolige karakter. Her er landskapet innhyllet i rolig m\u00f8rke, bare avbrutt av sporadiske lastebilhorn og det myke lyset fra spredte julelys. I \u00e5r skapte vi v\u00e5r egen feiring, tente lys over hele campus og fyrte opp fyrverkeri fra taket v\u00e5rt \u2013 kanskje den mest spektakul\u00e6re visningen landsbyen v\u00e5r noen gang har sett!<\/p><p>Skj\u00f8nnheten i v\u00e5r landsby ligger i bevaringen av tradisjoner. Selv om mange landsbyboere har smarttelefoner og internettilgang som forbinder dem med det globale samfunnet, opprettholder de skikker som har forblitt uendret i generasjoner. De fleste lokale foretrekker fortsatt \u00e5 hilse det nye \u00e5ret med daggry i stedet for midnattsfeiringer \u2013 en praksis jeg husker fra min egen barndom, da hele nabolag kom sammen p\u00e5 nytt\u00e5rsmorgen for \u00e5 utveksle hilsener. Denne blandingen av tradisjonell visdom og moderne tilkobling skaper et unikt milj\u00f8 for kulturell utveksling. Hos Arise Villages har vi skapt et rom hvor disse verdenene m\u00f8tes, og tilbyr bes\u00f8kende en sjanse til \u00e5 oppleve autentisk landlig indisk liv samtidig som de opprettholder komfortable forbindelser til hjemmet.<\/p><p>N\u00e5r vi g\u00e5r inn i 2025, inviterer jeg deg til \u00e5 b\u00e6re ditt eget lys av nysgjerrighet og \u00e5penhet p\u00e5 en reise til v\u00e5rt hj\u00f8rne av India. Hos Arise Villages vil du finne mer enn bare et kulturelt fordypningsprogram \u2013 du vil oppdage et samfunn som er klar til \u00e5 dele sine tradisjoner, visdom og daglige liv med de som er ivrige etter \u00e5 l\u00e6re. Enten du er interessert i b\u00e6rekraftig livsstil, tradisjonelle praksiser, eller bare \u00f8nsker \u00e5 oppleve en livsstil som er sv\u00e6rt forskjellig\u00a0<\/p>\t\t\t\t\t\t\t\t<\/div>\n\t\t\t\t<\/div>\n\t\t\t\t\t<\/div>\n\t\t\t\t<\/div>\n\t\t\t\t<\/div>\n\t\t","protected":false},"excerpt":{"rendered":"<p>Hva er nytt? Hva er nytt p\u00e5 Arise Villages? Refleksjoner fra grunnlegger Ashalata Prasad. Arise Villages 2025 Nytt\u00e5rsrefleksjon. I India vokste jeg opp med \u00e5 h\u00f8re ordtaket &laquo;Alt vil bli bra til slutt. S\u00e5 hvis det ikke er bra, er det ikke slutt enn\u00e5.&raquo; Denne gamle visdommen kom nylig tilbake til meg under noen uventede [&hellip;]<\/p>\n","protected":false},"author":4,"featured_media":0,"parent":0,"menu_order":0,"comment_status":"closed","ping_status":"closed","template":"","meta":{"two_page_speed":[],"footnotes":""},"class_list":["post-4942","page","type-page","status-publish","hentry"],"_links":{"self":[{"href":"https:\/\/arisevillages.com\/no\/wp-json\/wp\/v2\/pages\/4942","targetHints":{"allow":["GET"]}}],"collection":[{"href":"https:\/\/arisevillages.com\/no\/wp-json\/wp\/v2\/pages"}],"about":[{"href":"https:\/\/arisevillages.com\/no\/wp-json\/wp\/v2\/types\/page"}],"author":[{"embeddable":true,"href":"https:\/\/arisevillages.com\/no\/wp-json\/wp\/v2\/users\/4"}],"replies":[{"embeddable":true,"href":"https:\/\/arisevillages.com\/no\/wp-json\/wp\/v2\/comments?post=4942"}],"version-history":[{"count":0,"href":"https:\/\/arisevillages.com\/no\/wp-json\/wp\/v2\/pages\/4942\/revisions"}],"wp:attachment":[{"href":"https:\/\/arisevillages.com\/no\/wp-json\/wp\/v2\/media?parent=4942"}],"curies":[{"name":"wp","href":"https:\/\/api.w.org\/{rel}","templated":true}]}}