{"id":4934,"date":"2024-11-17T01:40:43","date_gmt":"2024-11-17T01:40:43","guid":{"rendered":"https:\/\/arisevillages.com\/?page_id=4934"},"modified":"2025-04-04T18:57:21","modified_gmt":"2025-04-04T18:57:21","slug":"torunn","status":"publish","type":"page","link":"https:\/\/arisevillages.com\/no\/torunn\/","title":{"rendered":"Torunn"},"content":{"rendered":"\t\t<div data-elementor-type=\"wp-page\" data-elementor-id=\"4934\" class=\"elementor elementor-4934 elementor-2217\">\n\t\t\t\t<div class=\"elementor-element elementor-element-mxvx6gzs twbb_section e-flex e-con-boxed e-con e-parent\" data-id=\"mxvx6gzs\" data-element_type=\"container\" data-e-type=\"container\" data-settings=\"{&quot;background_background&quot;:&quot;classic&quot;,&quot;background_motion_fx_motion_fx_scrolling&quot;:&quot;yes&quot;,&quot;background_motion_fx_scale_effect&quot;:&quot;yes&quot;,&quot;background_motion_fx_scale_speed&quot;:{&quot;unit&quot;:&quot;px&quot;,&quot;size&quot;:7,&quot;sizes&quot;:[]},&quot;background_motion_fx_scale_direction&quot;:&quot;out-in&quot;,&quot;background_motion_fx_scale_range&quot;:{&quot;unit&quot;:&quot;%&quot;,&quot;size&quot;:&quot;&quot;,&quot;sizes&quot;:{&quot;start&quot;:20,&quot;end&quot;:80}},&quot;background_motion_fx_devices&quot;:[&quot;desktop&quot;,&quot;tablet&quot;,&quot;mobile&quot;]}\">\n\t\t\t\t\t<div class=\"e-con-inner\">\n\t\t\t\t<div class=\"elementor-element elementor-element-7ghhtoab elementor-widget__width-initial elementor-widget-tablet__width-initial elementor-widget-mobile__width-inherit elementor-invisible elementor-widget elementor-widget-heading\" data-id=\"7ghhtoab\" data-element_type=\"widget\" data-e-type=\"widget\" data-settings=\"{&quot;_animation&quot;:&quot;fadeInUp&quot;}\" data-widget_type=\"heading.default\">\n\t\t\t\t<div class=\"elementor-widget-container\">\n\t\t\t\t\t<h2 class=\"elementor-heading-title elementor-size-default\">Meet Torunn<\/h2>\t\t\t\t<\/div>\n\t\t\t\t<\/div>\n\t\t\t\t<div class=\"elementor-element elementor-element-nimgbcs3 elementor-widget__width-initial elementor-widget-tablet__width-initial elementor-widget-mobile__width-inherit elementor-invisible elementor-widget elementor-widget-text-editor\" data-id=\"nimgbcs3\" data-element_type=\"widget\" data-e-type=\"widget\" data-settings=\"{&quot;_animation&quot;:&quot;fadeInUp&quot;}\" data-widget_type=\"text-editor.default\">\n\t\t\t\t<div class=\"elementor-widget-container\">\n\t\t\t\t\t\t\t\t\tRegional direkt\u00f8r\t\t\t\t\t\t\t\t<\/div>\n\t\t\t\t<\/div>\n\t\t\t\t\t<\/div>\n\t\t\t\t<\/div>\n\t\t<div class=\"elementor-element elementor-element-57a8f4d twbb_section e-flex e-con-boxed e-con e-parent\" data-id=\"57a8f4d\" data-element_type=\"container\" data-e-type=\"container\">\n\t\t\t\t\t<div class=\"e-con-inner\">\n\t\t\t\t<div class=\"elementor-element elementor-element-5c5be70 elementor-widget__width-initial elementor-widget-tablet__width-initial elementor-widget-mobile__width-inherit elementor-widget elementor-widget-image\" data-id=\"5c5be70\" data-element_type=\"widget\" data-e-type=\"widget\" data-widget_type=\"image.default\">\n\t\t\t\t<div class=\"elementor-widget-container\">\n\t\t\t\t\t\t\t\t\t\t\t\t\t\t\t<img fetchpriority=\"high\" decoding=\"async\" width=\"570\" height=\"570\" src=\"https:\/\/arisevillages.com\/wp-content\/uploads\/2024\/11\/torunn_av-e1732920478474.png\" class=\"attachment-full size-full wp-image-4714\" alt=\"\" srcset=\"https:\/\/arisevillages.com\/wp-content\/uploads\/2024\/11\/torunn_av-e1732920478474.png 570w, https:\/\/arisevillages.com\/wp-content\/uploads\/2024\/11\/torunn_av-e1732920478474-300x300.png 300w, https:\/\/arisevillages.com\/wp-content\/uploads\/2024\/11\/torunn_av-e1732920478474-150x150.png 150w\" sizes=\"(max-width: 570px) 100vw, 570px\" \/>\t\t\t\t\t\t\t\t\t\t\t\t\t\t\t<\/div>\n\t\t\t\t<\/div>\n\t\t<div class=\"elementor-element elementor-element-74a53ef e-con-full e-flex e-con e-child\" data-id=\"74a53ef\" data-element_type=\"container\" data-e-type=\"container\">\n\t\t\t\t<div class=\"elementor-element elementor-element-96fa5b7 elementor-widget__width-initial elementor-widget-tablet__width-initial elementor-widget-mobile__width-inherit elementor-invisible elementor-widget elementor-widget-heading\" data-id=\"96fa5b7\" data-element_type=\"widget\" data-e-type=\"widget\" data-settings=\"{&quot;_animation&quot;:&quot;fadeInUp&quot;}\" data-widget_type=\"heading.default\">\n\t\t\t\t<div class=\"elementor-widget-container\">\n\t\t\t\t\t<h2 class=\"elementor-heading-title elementor-size-default\">Torunn Reistad Skurtveit<\/h2>\t\t\t\t<\/div>\n\t\t\t\t<\/div>\n\t\t\t\t<div class=\"elementor-element elementor-element-130083e elementor-widget__width-initial elementor-widget-tablet__width-initial elementor-widget-mobile__width-inherit elementor-invisible elementor-widget elementor-widget-text-editor\" data-id=\"130083e\" data-element_type=\"widget\" data-e-type=\"widget\" data-settings=\"{&quot;_animation&quot;:&quot;fadeInUp&quot;}\" data-widget_type=\"text-editor.default\">\n\t\t\t\t<div class=\"elementor-widget-container\">\n\t\t\t\t\t\t\t\t\t<p><strong>Torunn Reistad Skurtveit <\/strong>er rektor ved en barneskole i Bergen, og har lang erfaring som l\u00e6rer og skoleleder. Hennes akademiske bakgrunn inkluderer l\u00e6rerutdannelse og en mastergrad i organisasjon og ledelse, samt studier i sosialantropologi.<\/p><p>Ved siden av engasjement for barns l\u00e6ring, har hun hele livet v\u00e6rt opptatt av verdien av flerkulturell utveksling. Som 20-\u00e5ring deltok hun i et prosjekt i India med en gruppe unge mennesker, hvor hun opplevde tradisjonelt indisk liv, engasjerte seg i samfunnstjeneste og utviklet livslange vennskap. Det var p\u00e5 denne reisen hun ble kjent med Ashalata Prasad. I l\u00f8pet av de siste 25 \u00e5rene har Torunn og Asha opprettholdt et interkulturelt vennskap som har utvidet hverandres verdenssyn.<\/p><p>Torunn har rollen som regional direkt\u00f8r for AriseVillages, og oppfordrer de som er interessert i programmets tilbud til \u00e5 kontakte henne.<\/p>\t\t\t\t\t\t\t\t<\/div>\n\t\t\t\t<\/div>\n\t\t\t\t<\/div>\n\t\t\t\t\t<\/div>\n\t\t\t\t<\/div>\n\t\t\t\t<\/div>\n\t\t","protected":false},"excerpt":{"rendered":"<p>Meet Torunn Regional direkt\u00f8r Torunn Reistad Skurtveit Torunn Reistad Skurtveit er rektor ved en barneskole i Bergen, og har lang erfaring som l\u00e6rer og skoleleder. Hennes akademiske bakgrunn inkluderer l\u00e6rerutdannelse og en mastergrad i organisasjon og ledelse, samt studier i sosialantropologi. Ved siden av engasjement for barns l\u00e6ring, har hun hele livet v\u00e6rt opptatt av [&hellip;]<\/p>\n","protected":false},"author":4,"featured_media":0,"parent":0,"menu_order":0,"comment_status":"closed","ping_status":"closed","template":"","meta":{"two_page_speed":[],"footnotes":""},"class_list":["post-4934","page","type-page","status-publish","hentry"],"_links":{"self":[{"href":"https:\/\/arisevillages.com\/no\/wp-json\/wp\/v2\/pages\/4934","targetHints":{"allow":["GET"]}}],"collection":[{"href":"https:\/\/arisevillages.com\/no\/wp-json\/wp\/v2\/pages"}],"about":[{"href":"https:\/\/arisevillages.com\/no\/wp-json\/wp\/v2\/types\/page"}],"author":[{"embeddable":true,"href":"https:\/\/arisevillages.com\/no\/wp-json\/wp\/v2\/users\/4"}],"replies":[{"embeddable":true,"href":"https:\/\/arisevillages.com\/no\/wp-json\/wp\/v2\/comments?post=4934"}],"version-history":[{"count":0,"href":"https:\/\/arisevillages.com\/no\/wp-json\/wp\/v2\/pages\/4934\/revisions"}],"wp:attachment":[{"href":"https:\/\/arisevillages.com\/no\/wp-json\/wp\/v2\/media?parent=4934"}],"curies":[{"name":"wp","href":"https:\/\/api.w.org\/{rel}","templated":true}]}}