{"id":4925,"date":"2024-11-17T22:53:07","date_gmt":"2024-11-17T22:53:07","guid":{"rendered":"https:\/\/arisevillages.com\/?page_id=4925"},"modified":"2025-04-05T14:04:58","modified_gmt":"2025-04-05T14:04:58","slug":"var-historie-2","status":"publish","type":"page","link":"https:\/\/arisevillages.com\/no\/var-historie-2\/","title":{"rendered":"V\u00e5r historie"},"content":{"rendered":"\t\t<div data-elementor-type=\"wp-page\" data-elementor-id=\"4925\" class=\"elementor elementor-4925 elementor-2286\">\n\t\t\t\t<div class=\"elementor-element elementor-element-1o84m4hd twbb_section e-flex e-con-boxed e-con e-parent\" data-id=\"1o84m4hd\" data-element_type=\"container\" data-e-type=\"container\" data-settings=\"{&quot;background_background&quot;:&quot;classic&quot;,&quot;background_motion_fx_motion_fx_scrolling&quot;:&quot;yes&quot;,&quot;background_motion_fx_scale_effect&quot;:&quot;yes&quot;,&quot;background_motion_fx_scale_speed&quot;:{&quot;unit&quot;:&quot;px&quot;,&quot;size&quot;:7,&quot;sizes&quot;:[]},&quot;background_motion_fx_scale_direction&quot;:&quot;out-in&quot;,&quot;background_motion_fx_scale_range&quot;:{&quot;unit&quot;:&quot;%&quot;,&quot;size&quot;:&quot;&quot;,&quot;sizes&quot;:{&quot;start&quot;:20,&quot;end&quot;:80}},&quot;background_motion_fx_devices&quot;:[&quot;desktop&quot;,&quot;tablet&quot;,&quot;mobile&quot;]}\">\n\t\t\t\t\t<div class=\"e-con-inner\">\n\t\t\t\t<div class=\"elementor-element elementor-element-jfs8p4kj elementor-widget__width-initial elementor-widget-tablet__width-initial elementor-widget-mobile__width-inherit elementor-invisible elementor-widget elementor-widget-heading\" data-id=\"jfs8p4kj\" data-element_type=\"widget\" data-e-type=\"widget\" data-settings=\"{&quot;_animation&quot;:&quot;fadeInUp&quot;}\" data-widget_type=\"heading.default\">\n\t\t\t\t<div class=\"elementor-widget-container\">\n\t\t\t\t\t<h2 class=\"elementor-heading-title elementor-size-default\">Arise Villages: V\u00e5r historie<\/h2>\t\t\t\t<\/div>\n\t\t\t\t<\/div>\n\t\t\t\t<div class=\"elementor-element elementor-element-oafd22b0 elementor-widget__width-initial elementor-widget-tablet__width-initial elementor-widget-mobile__width-inherit elementor-invisible elementor-widget elementor-widget-text-editor\" data-id=\"oafd22b0\" data-element_type=\"widget\" data-e-type=\"widget\" data-settings=\"{&quot;_animation&quot;:&quot;fadeInUp&quot;}\" data-widget_type=\"text-editor.default\">\n\t\t\t\t<div class=\"elementor-widget-container\">\n\t\t\t\t\t\t\t\t\tOppdag hvordan Arise Villages styrker lokalsamfunn gjennom b\u00e6rekraftig utvikling og tverrkulturelle utvekslinger. Bli med oss i \u00e5 bevare kulturarv og fremme forst\u00e5else.\t\t\t\t\t\t\t\t<\/div>\n\t\t\t\t<\/div>\n\t\t\t\t\t<\/div>\n\t\t\t\t<\/div>\n\t\t<div class=\"elementor-element elementor-element-5a94e31 e-flex e-con-boxed e-con e-parent\" data-id=\"5a94e31\" data-element_type=\"container\" data-e-type=\"container\">\n\t\t\t\t\t<div class=\"e-con-inner\">\n\t\t\t\t<div class=\"elementor-element elementor-element-77aa33d elementor-widget elementor-widget-heading\" data-id=\"77aa33d\" data-element_type=\"widget\" data-e-type=\"widget\" data-widget_type=\"heading.default\">\n\t\t\t\t<div class=\"elementor-widget-container\">\n\t\t\t\t\t<h2 class=\"elementor-heading-title elementor-size-default\">V\u00e5r reise gjennom tid.<\/h2>\t\t\t\t<\/div>\n\t\t\t\t<\/div>\n\t\t\t\t\t<\/div>\n\t\t\t\t<\/div>\n\t\t<div class=\"elementor-element elementor-element-2c308c1 e-flex e-con-boxed e-con e-parent\" data-id=\"2c308c1\" data-element_type=\"container\" data-e-type=\"container\">\n\t\t\t\t\t<div class=\"e-con-inner\">\n\t\t\t\t<div class=\"elementor-element elementor-element-ae33ae5 elementor-widget elementor-widget-text-editor\" data-id=\"ae33ae5\" data-element_type=\"widget\" data-e-type=\"widget\" data-widget_type=\"text-editor.default\">\n\t\t\t\t<div class=\"elementor-widget-container\">\n\t\t\t\t\t\t\t\t\t<h5>Fra grunnleggeren, Ashalata Prasad<\/h5><p>Reisen til AriseVillages begynte med min dype tilknytning til landsbyen der jeg vokste opp, og mine mange \u00e5rs erfaring med \u00e5 v\u00e6re vert for internasjonale bes\u00f8kende til India.<\/p><p>I 30-\u00e5rene, etter \u00e5 ha flyttet til USA, etablerte jeg et globalt partnerskap mellom to kirker. Det f\u00f8ltes som et lovende prosjekt\u2014v\u00e5re anstrengelser f\u00f8rte til og med til \u00e5 bygge ut kirken i min landsby i India. Mine svigerforeldre donerte gener\u00f8st en generator for \u00e5 st\u00f8tte landsbyens sykepleierskole og gjestehus.<\/p><p>Men som livet ofte gj\u00f8r, endret ting seg. Morsrollen, med sine krav og gleder, ble det viktigste. Med tre sm\u00e5 barn ble tiden min begrenset, og fremgangen gikk saktere. Omtrent tre \u00e5r f\u00f8r COVID f\u00f8lte jeg en fornyet kall til \u00e5 gjenoppta ideen om kirkepartnerskap. Jeg delte min visjon med n\u00f8kkelpersoner, i h\u00e5p om \u00e5 gjenopplive initiativet. Da kirken til slutt bestemte seg for ikke \u00e5 fortsette, visste jeg at jeg m\u00e5tte b\u00e6re visjonen videre p\u00e5 egen h\u00e5nd.<\/p><p>Den avgj\u00f8relsen markerte f\u00f8dselen av AriseVillages. Det startet beskjedent\u2014med bare tre frivillige og partnerskap i tre landsbyer. I v\u00e5rt f\u00f8rste \u00e5r fokuserte vi p\u00e5 \u00e5 bygge relasjoner. S\u00e5 kom pandemien. Alt, inkludert AriseVillages, stoppet opp. Det som kunne ha v\u00e6rt et \u00e5r med vekst, strakte seg til nesten to og et halvt \u00e5r. Sakte m\u00e5tte mitt opprinnelige team av frivillige trekke seg tilbake.<\/p><p>Etter pandemien gjenopptok vi forsiktig v\u00e5re anstrengelser, og gjenopprettet kontakten med landsbyene. Jeg er stadig forbl\u00f8ffet over hvordan Gud bringer mennesker sammen p\u00e5 uventede m\u00e5ter. Tidligere studenter fra mine undervisningsdager p\u00e5 1990-tallet kom tilbake i livet mitt og ble med i AriseVillages-teamet, og ga nytt liv til oppdraget.<\/p><p>Omtrent samtidig delte jeg min reise med to kj\u00e6re venner, Torunn og Heidi, som ivrig omfavnet visjonen og ble en del av teamet.<\/p><p>N\u00e5r jeg ser tilbake p\u00e5 de siste 25 \u00e5rene, kunne jeg aldri ha forutsett de varige vennskapene jeg har bygget med Torunn og Heidi. Til tross for avstanden som skilte oss, holdt vi kontakten\u2014delte historier om v\u00e5re liv og familier. N\u00e5, n\u00e5r v\u00e5re barn forbereder seg p\u00e5 \u00e5 forlate redet, har et nytt kapittel \u00e5pnet seg for oss alle. Sammen utvikler vi tanker og ideer for v\u00e5rt felles m\u00e5l for AriseVillages.<\/p><p>N\u00e5r jeg ser fremover, er jeg takknemlig og spent p\u00e5 \u00e5 \u00f8nske bes\u00f8kende og nye teammedlemmer velkommen til reisen v\u00e5r. Tverrkulturelle opplevelser som disse er transformative, og tar oss til steder vi aldri hadde forestilt oss og danner b\u00e5nd som varer livet ut. For oss har dette v\u00e6rt grunnlaget for varig vennskap.<\/p><p>Vennligst ta kontakt hvis du er inspirert til \u00e5 bli med oss og oppleve den enkle, men dype rikdommen av tverrkulturell forbindelse. Vi vil gjerne h\u00f8re fra deg og m\u00f8te deg personlig.<\/p>\t\t\t\t\t\t\t\t<\/div>\n\t\t\t\t<\/div>\n\t\t\t\t\t<\/div>\n\t\t\t\t<\/div>\n\t\t\t\t<\/div>\n\t\t","protected":false},"excerpt":{"rendered":"<p>Arise Villages: V\u00e5r historie Oppdag hvordan Arise Villages styrker lokalsamfunn gjennom b\u00e6rekraftig utvikling og tverrkulturelle utvekslinger. Bli med oss i \u00e5 bevare kulturarv og fremme forst\u00e5else. V\u00e5r reise gjennom tid. Fra grunnleggeren, Ashalata Prasad Reisen til AriseVillages begynte med min dype tilknytning til landsbyen der jeg vokste opp, og mine mange \u00e5rs erfaring med \u00e5 [&hellip;]<\/p>\n","protected":false},"author":4,"featured_media":0,"parent":0,"menu_order":0,"comment_status":"closed","ping_status":"closed","template":"","meta":{"two_page_speed":[],"footnotes":""},"class_list":["post-4925","page","type-page","status-publish","hentry"],"_links":{"self":[{"href":"https:\/\/arisevillages.com\/no\/wp-json\/wp\/v2\/pages\/4925","targetHints":{"allow":["GET"]}}],"collection":[{"href":"https:\/\/arisevillages.com\/no\/wp-json\/wp\/v2\/pages"}],"about":[{"href":"https:\/\/arisevillages.com\/no\/wp-json\/wp\/v2\/types\/page"}],"author":[{"embeddable":true,"href":"https:\/\/arisevillages.com\/no\/wp-json\/wp\/v2\/users\/4"}],"replies":[{"embeddable":true,"href":"https:\/\/arisevillages.com\/no\/wp-json\/wp\/v2\/comments?post=4925"}],"version-history":[{"count":0,"href":"https:\/\/arisevillages.com\/no\/wp-json\/wp\/v2\/pages\/4925\/revisions"}],"wp:attachment":[{"href":"https:\/\/arisevillages.com\/no\/wp-json\/wp\/v2\/media?parent=4925"}],"curies":[{"name":"wp","href":"https:\/\/api.w.org\/{rel}","templated":true}]}}