{"id":4887,"date":"2024-11-17T01:46:44","date_gmt":"2024-11-17T01:46:44","guid":{"rendered":"https:\/\/arisevillages.com\/?page_id=4887"},"modified":"2025-04-04T19:02:15","modified_gmt":"2025-04-04T19:02:15","slug":"heidi","status":"publish","type":"page","link":"https:\/\/arisevillages.com\/no\/heidi\/","title":{"rendered":"Heidi"},"content":{"rendered":"\t\t<div data-elementor-type=\"wp-page\" data-elementor-id=\"4887\" class=\"elementor elementor-4887 elementor-2229\">\n\t\t\t\t<div class=\"elementor-element elementor-element-f5d0e41 twbb_section e-flex e-con-boxed e-con e-parent\" data-id=\"f5d0e41\" data-element_type=\"container\" data-e-type=\"container\" data-settings=\"{&quot;background_background&quot;:&quot;classic&quot;,&quot;background_motion_fx_motion_fx_scrolling&quot;:&quot;yes&quot;,&quot;background_motion_fx_scale_effect&quot;:&quot;yes&quot;,&quot;background_motion_fx_scale_speed&quot;:{&quot;unit&quot;:&quot;px&quot;,&quot;size&quot;:7,&quot;sizes&quot;:[]},&quot;background_motion_fx_scale_direction&quot;:&quot;out-in&quot;,&quot;background_motion_fx_scale_range&quot;:{&quot;unit&quot;:&quot;%&quot;,&quot;size&quot;:&quot;&quot;,&quot;sizes&quot;:{&quot;start&quot;:20,&quot;end&quot;:80}},&quot;background_motion_fx_devices&quot;:[&quot;desktop&quot;,&quot;tablet&quot;,&quot;mobile&quot;]}\">\n\t\t\t\t\t<div class=\"e-con-inner\">\n\t\t\t\t<div class=\"elementor-element elementor-element-1b4e0f2 elementor-widget__width-initial elementor-widget-tablet__width-initial elementor-widget-mobile__width-inherit elementor-invisible elementor-widget elementor-widget-heading\" data-id=\"1b4e0f2\" data-element_type=\"widget\" data-e-type=\"widget\" data-settings=\"{&quot;_animation&quot;:&quot;fadeInUp&quot;}\" data-widget_type=\"heading.default\">\n\t\t\t\t<div class=\"elementor-widget-container\">\n\t\t\t\t\t<h2 class=\"elementor-heading-title elementor-size-default\">Meet Heidi<\/h2>\t\t\t\t<\/div>\n\t\t\t\t<\/div>\n\t\t\t\t<div class=\"elementor-element elementor-element-fce1422 elementor-widget__width-initial elementor-widget-tablet__width-initial elementor-widget-mobile__width-inherit elementor-invisible elementor-widget elementor-widget-text-editor\" data-id=\"fce1422\" data-element_type=\"widget\" data-e-type=\"widget\" data-settings=\"{&quot;_animation&quot;:&quot;fadeInUp&quot;}\" data-widget_type=\"text-editor.default\">\n\t\t\t\t<div class=\"elementor-widget-container\">\n\t\t\t\t\t\t\t\t\tRegional konsulent\t\t\t\t\t\t\t\t<\/div>\n\t\t\t\t<\/div>\n\t\t\t\t\t<\/div>\n\t\t\t\t<\/div>\n\t\t<div class=\"elementor-element elementor-element-bgungv5x twbb_section e-flex e-con-boxed e-con e-parent\" data-id=\"bgungv5x\" data-element_type=\"container\" data-e-type=\"container\">\n\t\t\t\t\t<div class=\"e-con-inner\">\n\t\t\t\t<div class=\"elementor-element elementor-element-we71btfh elementor-widget__width-initial elementor-widget-tablet__width-initial elementor-widget-mobile__width-inherit elementor-widget elementor-widget-image\" data-id=\"we71btfh\" data-element_type=\"widget\" data-e-type=\"widget\" data-widget_type=\"image.default\">\n\t\t\t\t<div class=\"elementor-widget-container\">\n\t\t\t\t\t\t\t\t\t\t\t\t\t\t\t<img fetchpriority=\"high\" decoding=\"async\" width=\"664\" height=\"673\" src=\"https:\/\/arisevillages.com\/wp-content\/uploads\/2024\/11\/Portrett-Heidi-2-e1732920647955.jpg\" class=\"attachment-full size-full wp-image-2914\" alt=\"\" srcset=\"https:\/\/arisevillages.com\/wp-content\/uploads\/2024\/11\/Portrett-Heidi-2-e1732920647955.jpg 664w, https:\/\/arisevillages.com\/wp-content\/uploads\/2024\/11\/Portrett-Heidi-2-e1732920647955-296x300.jpg 296w, https:\/\/arisevillages.com\/wp-content\/uploads\/2024\/11\/Portrett-Heidi-2-e1732920647955-592x600.jpg 592w\" sizes=\"(max-width: 664px) 100vw, 664px\" \/>\t\t\t\t\t\t\t\t\t\t\t\t\t\t\t<\/div>\n\t\t\t\t<\/div>\n\t\t<div class=\"elementor-element elementor-element-3sz51jni e-con-full e-flex e-con e-child\" data-id=\"3sz51jni\" data-element_type=\"container\" data-e-type=\"container\">\n\t\t\t\t<div class=\"elementor-element elementor-element-uh8nybzm elementor-widget__width-initial elementor-widget-tablet__width-initial elementor-widget-mobile__width-inherit elementor-invisible elementor-widget elementor-widget-heading\" data-id=\"uh8nybzm\" data-element_type=\"widget\" data-e-type=\"widget\" data-settings=\"{&quot;_animation&quot;:&quot;fadeInUp&quot;}\" data-widget_type=\"heading.default\">\n\t\t\t\t<div class=\"elementor-widget-container\">\n\t\t\t\t\t<h2 class=\"elementor-heading-title elementor-size-default\">Heidi Valle Gallefoss<\/h2>\t\t\t\t<\/div>\n\t\t\t\t<\/div>\n\t\t\t\t<div class=\"elementor-element elementor-element-07istzkq elementor-widget__width-initial elementor-widget-tablet__width-initial elementor-widget-mobile__width-inherit elementor-invisible elementor-widget elementor-widget-text-editor\" data-id=\"07istzkq\" data-element_type=\"widget\" data-e-type=\"widget\" data-settings=\"{&quot;_animation&quot;:&quot;fadeInUp&quot;}\" data-widget_type=\"text-editor.default\">\n\t\t\t\t<div class=\"elementor-widget-container\">\n\t\t\t\t\t\t\t\t\t<p>Med tjue \u00e5rs erfaring er Heidi Valle Gallefoss dedikert ungdomsskole-l\u00e6rer. Hennes hovedfag er kunst og design, som hun elsker \u00e5 undervise i. I tillegg til fagutdanning som l\u00e6rer, har Heidi studert religion, psykologi og norsk spr\u00e5k. Hun har jobbet som l\u00e6rer siden 2003. Hun har ogs\u00e5 erfaring med \u00e5 designe og<br \/>produsere kl\u00e6r fra bunnen av, noe som f\u00f8rte til at hun hadde sitt eget klesmerke i flere \u00e5r.<\/p><p>F\u00f8r Heidi tok l\u00e6rerutdannelsen sin, tok hun et ett\u00e5rig studie i tverrkulturell kommunikasjon p\u00e5 G\u00e5 Ut senteret i Norge i 1997. I et halv\u00e5rig praksisopphold i India m\u00f8tte hun Ashalata Prasad. Det var en fantastisk opplevelse for henne \u00e5 bli kjent med indisk landsbykultur og mennesker i forskjellige livssituasjoner, og det \u00e5pnet \u00f8ynene hennes for viktigheten av tverrkulturell kompetanse.<\/p><p>Som regional konsulent for Arise Villages er hun klar til \u00e5 hjelpe de som \u00f8nsker \u00e5 planlegge sin tverrkulturelle reise.<\/p>\t\t\t\t\t\t\t\t<\/div>\n\t\t\t\t<\/div>\n\t\t\t\t<\/div>\n\t\t\t\t\t<\/div>\n\t\t\t\t<\/div>\n\t\t\t\t<\/div>\n\t\t","protected":false},"excerpt":{"rendered":"<p>Meet Heidi Regional konsulent Heidi Valle Gallefoss Med tjue \u00e5rs erfaring er Heidi Valle Gallefoss dedikert ungdomsskole-l\u00e6rer. Hennes hovedfag er kunst og design, som hun elsker \u00e5 undervise i. I tillegg til fagutdanning som l\u00e6rer, har Heidi studert religion, psykologi og norsk spr\u00e5k. Hun har jobbet som l\u00e6rer siden 2003. Hun har ogs\u00e5 erfaring med [&hellip;]<\/p>\n","protected":false},"author":4,"featured_media":0,"parent":0,"menu_order":0,"comment_status":"closed","ping_status":"closed","template":"","meta":{"two_page_speed":[],"footnotes":""},"class_list":["post-4887","page","type-page","status-publish","hentry"],"_links":{"self":[{"href":"https:\/\/arisevillages.com\/no\/wp-json\/wp\/v2\/pages\/4887","targetHints":{"allow":["GET"]}}],"collection":[{"href":"https:\/\/arisevillages.com\/no\/wp-json\/wp\/v2\/pages"}],"about":[{"href":"https:\/\/arisevillages.com\/no\/wp-json\/wp\/v2\/types\/page"}],"author":[{"embeddable":true,"href":"https:\/\/arisevillages.com\/no\/wp-json\/wp\/v2\/users\/4"}],"replies":[{"embeddable":true,"href":"https:\/\/arisevillages.com\/no\/wp-json\/wp\/v2\/comments?post=4887"}],"version-history":[{"count":0,"href":"https:\/\/arisevillages.com\/no\/wp-json\/wp\/v2\/pages\/4887\/revisions"}],"wp:attachment":[{"href":"https:\/\/arisevillages.com\/no\/wp-json\/wp\/v2\/media?parent=4887"}],"curies":[{"name":"wp","href":"https:\/\/api.w.org\/{rel}","templated":true}]}}