{"id":4851,"date":"2024-11-17T22:17:52","date_gmt":"2024-11-17T22:17:52","guid":{"rendered":"https:\/\/arisevillages.com\/?page_id=4851"},"modified":"2025-04-04T19:03:13","modified_gmt":"2025-04-04T19:03:13","slug":"asha","status":"publish","type":"page","link":"https:\/\/arisevillages.com\/no\/asha\/","title":{"rendered":"Asha"},"content":{"rendered":"\t\t<div data-elementor-type=\"wp-page\" data-elementor-id=\"4851\" class=\"elementor elementor-4851 elementor-2238\">\n\t\t\t\t<div class=\"elementor-element elementor-element-0e7f403 twbb_section e-flex e-con-boxed e-con e-parent\" data-id=\"0e7f403\" data-element_type=\"container\" data-e-type=\"container\" data-settings=\"{&quot;background_background&quot;:&quot;classic&quot;,&quot;background_motion_fx_motion_fx_scrolling&quot;:&quot;yes&quot;,&quot;background_motion_fx_scale_effect&quot;:&quot;yes&quot;,&quot;background_motion_fx_scale_speed&quot;:{&quot;unit&quot;:&quot;px&quot;,&quot;size&quot;:7,&quot;sizes&quot;:[]},&quot;background_motion_fx_scale_direction&quot;:&quot;out-in&quot;,&quot;background_motion_fx_scale_range&quot;:{&quot;unit&quot;:&quot;%&quot;,&quot;size&quot;:&quot;&quot;,&quot;sizes&quot;:{&quot;start&quot;:20,&quot;end&quot;:80}},&quot;background_motion_fx_devices&quot;:[&quot;desktop&quot;,&quot;tablet&quot;,&quot;mobile&quot;]}\">\n\t\t\t\t\t<div class=\"e-con-inner\">\n\t\t\t\t<div class=\"elementor-element elementor-element-042f161 elementor-widget__width-initial elementor-widget-tablet__width-initial elementor-widget-mobile__width-inherit elementor-invisible elementor-widget elementor-widget-heading\" data-id=\"042f161\" data-element_type=\"widget\" data-e-type=\"widget\" data-settings=\"{&quot;_animation&quot;:&quot;fadeInUp&quot;}\" data-widget_type=\"heading.default\">\n\t\t\t\t<div class=\"elementor-widget-container\">\n\t\t\t\t\t<h2 class=\"elementor-heading-title elementor-size-default\">Meet Asha<\/h2>\t\t\t\t<\/div>\n\t\t\t\t<\/div>\n\t\t\t\t<div class=\"elementor-element elementor-element-38a5086 elementor-widget__width-initial elementor-widget-tablet__width-initial elementor-widget-mobile__width-inherit elementor-invisible elementor-widget elementor-widget-text-editor\" data-id=\"38a5086\" data-element_type=\"widget\" data-e-type=\"widget\" data-settings=\"{&quot;_animation&quot;:&quot;fadeInUp&quot;}\" data-widget_type=\"text-editor.default\">\n\t\t\t\t<div class=\"elementor-widget-container\">\n\t\t\t\t\t\t\t\t\tArise Villages grunnlegger\t\t\t\t\t\t\t\t<\/div>\n\t\t\t\t<\/div>\n\t\t\t\t\t<\/div>\n\t\t\t\t<\/div>\n\t\t<div class=\"elementor-element elementor-element-fcb2342 twbb_section e-flex e-con-boxed e-con e-parent\" data-id=\"fcb2342\" data-element_type=\"container\" data-e-type=\"container\">\n\t\t\t\t\t<div class=\"e-con-inner\">\n\t\t\t\t<div class=\"elementor-element elementor-element-a7f4dd9 elementor-widget__width-initial elementor-widget-tablet__width-initial elementor-widget-mobile__width-inherit elementor-widget elementor-widget-image\" data-id=\"a7f4dd9\" data-element_type=\"widget\" data-e-type=\"widget\" data-widget_type=\"image.default\">\n\t\t\t\t<div class=\"elementor-widget-container\">\n\t\t\t\t\t\t\t\t\t\t\t\t\t\t\t<img fetchpriority=\"high\" decoding=\"async\" width=\"797\" height=\"797\" src=\"https:\/\/arisevillages.com\/wp-content\/uploads\/2024\/11\/mama-1-e1732920605704.jpeg\" class=\"attachment-full size-full wp-image-2916\" alt=\"\" srcset=\"https:\/\/arisevillages.com\/wp-content\/uploads\/2024\/11\/mama-1-e1732920605704.jpeg 797w, https:\/\/arisevillages.com\/wp-content\/uploads\/2024\/11\/mama-1-e1732920605704-300x300.jpeg 300w, https:\/\/arisevillages.com\/wp-content\/uploads\/2024\/11\/mama-1-e1732920605704-150x150.jpeg 150w, https:\/\/arisevillages.com\/wp-content\/uploads\/2024\/11\/mama-1-e1732920605704-768x768.jpeg 768w, https:\/\/arisevillages.com\/wp-content\/uploads\/2024\/11\/mama-1-e1732920605704-600x600.jpeg 600w\" sizes=\"(max-width: 797px) 100vw, 797px\" \/>\t\t\t\t\t\t\t\t\t\t\t\t\t\t\t<\/div>\n\t\t\t\t<\/div>\n\t\t<div class=\"elementor-element elementor-element-8ba1d7a e-con-full e-flex e-con e-child\" data-id=\"8ba1d7a\" data-element_type=\"container\" data-e-type=\"container\">\n\t\t\t\t<div class=\"elementor-element elementor-element-2472a01 elementor-widget__width-initial elementor-widget-tablet__width-initial elementor-widget-mobile__width-inherit elementor-invisible elementor-widget elementor-widget-heading\" data-id=\"2472a01\" data-element_type=\"widget\" data-e-type=\"widget\" data-settings=\"{&quot;_animation&quot;:&quot;fadeInUp&quot;}\" data-widget_type=\"heading.default\">\n\t\t\t\t<div class=\"elementor-widget-container\">\n\t\t\t\t\t<h2 class=\"elementor-heading-title elementor-size-default\">Ashalata Prasad<\/h2>\t\t\t\t<\/div>\n\t\t\t\t<\/div>\n\t\t\t\t<div class=\"elementor-element elementor-element-7ea04fa elementor-widget__width-initial elementor-widget-tablet__width-initial elementor-widget-mobile__width-inherit elementor-invisible elementor-widget elementor-widget-text-editor\" data-id=\"7ea04fa\" data-element_type=\"widget\" data-e-type=\"widget\" data-settings=\"{&quot;_animation&quot;:&quot;fadeInUp&quot;}\" data-widget_type=\"text-editor.default\">\n\t\t\t\t<div class=\"elementor-widget-container\">\n\t\t\t\t\t\t\t\t\t<p>Ashalata Prasad er den visjon\u00e6re grunnleggeren av AriseVillages, et initiativ som har som m\u00e5l \u00e5 fremme utvikling p\u00e5 landsbygda og kulturell utveksling i India. F\u00f8dt og utdannet i India, utviklet Ashalata tidlig en dyp tilknytning til sine r\u00f8tter og en lidenskap for samfunnsutvikling.<\/p><p>Hun begynte sin profesjonelle reise med \u00e5 jobbe for Go-Out Center i Norge (eiet av Norsk santalmisjon, senere Normisjon) i tre \u00e5r, hvor hun fikk verdifull erfaring med tverrkulturelle programmer og internasjonalt samarbeid. Hun var tolk og organisator for norske studenter som hadde praksisopphold p\u00e5 flere m\u00e5neder i India.<\/p><p>Etter \u00e5 ha giftet seg og flyttet til USA, ble Ashalata sertifisert Montessori-l\u00e6rer og tilbrakte fem \u00e5r med undervisning. Hun \u00e5pnet til slutt sin egen Montessori-skole.<\/p><p>Da COVID-19-pandemien f\u00f8rte til omfattende nedleggelser i USA, ble Ashalatas skole, som mange andre, tvunget til \u00e5 stenge. Dette f\u00f8rte til at hun gjenopptok sitt opprinnelige oppdrag om utvikling p\u00e5 landsbygda, noe som f\u00f8rte henne tilbake til India for \u00e5 utvikle videre AriseVillages, programmet. N\u00e5 er hun dedikert til \u00e5 utvide omfanget av sitt arbeid, bygge broer mellom kulturer og styrke lokalsamfunn gjennom b\u00e6rekraftig utvikling.<\/p>\t\t\t\t\t\t\t\t<\/div>\n\t\t\t\t<\/div>\n\t\t\t\t<\/div>\n\t\t\t\t\t<\/div>\n\t\t\t\t<\/div>\n\t\t\t\t<\/div>\n\t\t","protected":false},"excerpt":{"rendered":"<p>Meet Asha Arise Villages grunnlegger Ashalata Prasad Ashalata Prasad er den visjon\u00e6re grunnleggeren av AriseVillages, et initiativ som har som m\u00e5l \u00e5 fremme utvikling p\u00e5 landsbygda og kulturell utveksling i India. F\u00f8dt og utdannet i India, utviklet Ashalata tidlig en dyp tilknytning til sine r\u00f8tter og en lidenskap for samfunnsutvikling. Hun begynte sin profesjonelle reise [&hellip;]<\/p>\n","protected":false},"author":4,"featured_media":0,"parent":0,"menu_order":0,"comment_status":"closed","ping_status":"closed","template":"","meta":{"two_page_speed":[],"footnotes":""},"class_list":["post-4851","page","type-page","status-publish","hentry"],"_links":{"self":[{"href":"https:\/\/arisevillages.com\/no\/wp-json\/wp\/v2\/pages\/4851","targetHints":{"allow":["GET"]}}],"collection":[{"href":"https:\/\/arisevillages.com\/no\/wp-json\/wp\/v2\/pages"}],"about":[{"href":"https:\/\/arisevillages.com\/no\/wp-json\/wp\/v2\/types\/page"}],"author":[{"embeddable":true,"href":"https:\/\/arisevillages.com\/no\/wp-json\/wp\/v2\/users\/4"}],"replies":[{"embeddable":true,"href":"https:\/\/arisevillages.com\/no\/wp-json\/wp\/v2\/comments?post=4851"}],"version-history":[{"count":0,"href":"https:\/\/arisevillages.com\/no\/wp-json\/wp\/v2\/pages\/4851\/revisions"}],"wp:attachment":[{"href":"https:\/\/arisevillages.com\/no\/wp-json\/wp\/v2\/media?parent=4851"}],"curies":[{"name":"wp","href":"https:\/\/api.w.org\/{rel}","templated":true}]}}